{"id":5092,"date":"2023-06-06T21:58:15","date_gmt":"2023-06-06T21:58:15","guid":{"rendered":"https:\/\/www.sams-closets.com\/como-trabajamos\/"},"modified":"2024-02-14T23:19:14","modified_gmt":"2024-02-14T23:19:14","slug":"como-trabajamos","status":"publish","type":"page","link":"https:\/\/www.sams-closets.com\/es\/como-trabajamos\/","title":{"rendered":"C\u00f3mo trabajamos"},"content":{"rendered":"<div class=\"wpb-content-wrapper\"><p>[vc_row css_animation=\u00bbfadeIn\u00bb][vc_column][vc_row_inner type=\u00bbboxed\u00bb][vc_column_inner width=\u00bb1\/2&#8243;][vc_column_text el_class=\u00bbtitle\u00bb]<\/p>\n<h2>Enfoque centrado en el cliente<\/h2>\n<p>[\/vc_column_text][vc_column_text]<span class=\"HwtZe\" lang=\"es\"><span class=\"jCAhz ChMk0b\"><span class=\"ryNqvb\">En Sam&#8217;s Closets Woodwork, ofrecemos soluciones personalizadas que se adaptan a los requisitos \u00fanicos y preferencias de estilo de cada uno de nuestros clientes.<\/span><\/span><\/span><\/p>\n<p><span class=\"HwtZe\" lang=\"es\"><span class=\"jCAhz ChMk0b\"><span class=\"ryNqvb\">Estamos orgullosos de nuestro compromiso de garantizar que nuestros clientes est\u00e9n completamente satisfechos, y esto se extiende m\u00e1s all\u00e1 de nuestro taller.<\/span><\/span> <span class=\"jCAhz ChMk0b\"><span class=\"ryNqvb\">Creemos en la comunicaci\u00f3n abierta y la transparencia durante todo el proceso, para que nuestros clientes puedan participar activamente en la creaci\u00f3n de su carpinter\u00eda personalizada.<\/span><\/span> <span class=\"jCAhz ChMk0b\"><span class=\"ryNqvb\">Desde la consulta de dise\u00f1o inicial hasta la entrega final, nos esforzamos por superar las expectativas de nuestros clientes.<\/span><\/span><\/span>[\/vc_column_text][\/vc_column_inner][vc_column_inner width=\u00bb1\/2&#8243;][vc_single_image image=\u00bb4651&#8243; img_size=\u00bbfull\u00bb alignment=\u00bbcenter\u00bb][\/vc_column_inner][\/vc_row_inner][\/vc_column][\/vc_row][vc_row full_width=\u00bbstretch_row_content_no_spaces\u00bb css_animation=\u00bbfadeIn\u00bb el_class=\u00bbcont-int\u00bb css=\u00bb.vc_custom_1703173597862{background-color: #fbfaf9 !important;}\u00bb][vc_column][vc_column_text css=\u00bb.vc_custom_1703171888785{margin-bottom: 0px !important;}\u00bb el_class=\u00bbtitle-int\u00bb]<\/p>\n<h2 style=\"text-align: center;\">Nuestro proceso<\/h2>\n<p>[\/vc_column_text][vc_row_inner content_placement=\u00bbmiddle\u00bb type=\u00bbboxed\u00bb el_class=\u00bbvalues\u00bb][vc_column_inner width=\u00bb1\/3&#8243;][\/vc_column_inner][vc_column_inner width=\u00bb1\/3&#8243;][vc_column_text el_class=\u00bbbox\u00bb]<\/p>\n<p style=\"text-align: center;\"><span class=\"material-symbols-outlined\">architecture<\/span><\/p>\n<h3 style=\"text-align: center;\">Dise\u00f1o y planificaci\u00f3n<\/h3>\n<p style=\"text-align: center;\">El proceso suele comenzar con una evaluaci\u00f3n exhaustiva de las necesidades del cliente y el espacio disponible. Los dise\u00f1adores colaboran estrechamente con los clientes para conocer sus necesidades de almacenamiento, sus sistemas organizativos preferidos y sus preferencias estil\u00edsticas.<\/p>\n<p>[\/vc_column_text][\/vc_column_inner][vc_column_inner width=\u00bb1\/3&#8243;][\/vc_column_inner][vc_column_inner width=\u00bb1\/3&#8243;][vc_column_text el_class=\u00bbbox\u00bb]<\/p>\n<p style=\"text-align: center;\"><span class=\"material-symbols-outlined\">flex_wrap<\/span><\/p>\n<h3 style=\"text-align: center;\">Selecci\u00f3n de materiales<\/h3>\n<p style=\"text-align: center;\">La madera es el principal material utilizado en Sam&#8217;s Closets Woodwork debido a su durabilidad, versatilidad y atractivo est\u00e9tico. Las maderas m\u00e1s comunes son las frondosas, como el roble, el arce, el cerezo y el nogal, que ofrecen resistencia y una belleza rica y natural. La madera contra-enchapada y el MDF (tablero de fibra de densidad media) tambi\u00e9n pueden utilizarse para determinados componentes, lo que supone una alternativa rentable.<\/p>\n<p>[\/vc_column_text][\/vc_column_inner][vc_column_inner width=\u00bb1\/3&#8243;][vc_single_image image=\u00bb4738&#8243; img_size=\u00bbfull\u00bb alignment=\u00bbcenter\u00bb el_class=\u00bblogo\u00bb][\/vc_column_inner][vc_column_inner width=\u00bb1\/3&#8243;][vc_column_text el_class=\u00bbbox\u00bb]<\/p>\n<p style=\"text-align: center;\"><span class=\"material-symbols-outlined\">handyman<\/span><\/p>\n<h3 style=\"text-align: center;\">Artesan\u00eda<\/h3>\n<p style=\"text-align: center;\">A continuaci\u00f3n, artesanos expertos dan vida al dise\u00f1o, utilizando sus conocimientos de carpinter\u00eda para cortar, dar forma y ensamblar los distintos componentes del armario. La precisi\u00f3n es crucial durante esta fase para garantizar que cada pieza encaje a la perfecci\u00f3n. La carpinter\u00eda de armarios a medida suele implicar la creaci\u00f3n de una combinaci\u00f3n de estantes, cajones, barras para colgar, zapateros y otros elementos de almacenamiento para maximizar la funcionalidad.<\/p>\n<p>[\/vc_column_text][\/vc_column_inner][vc_column_inner width=\u00bb1\/3&#8243;][\/vc_column_inner][vc_column_inner width=\u00bb1\/3&#8243;][vc_column_text el_class=\u00bbbox\u00bb]<\/p>\n<p style=\"text-align: center;\"><span class=\"material-symbols-outlined\">data_table<\/span><\/p>\n<h3 style=\"text-align: center;\">Toques finales<\/h3>\n<p style=\"text-align: center;\">En los toques finales es donde realmente brilla el arte de la carpinter\u00eda de armarios a medida. Los tratamientos superficiales como el tinte, la pintura o la aplicaci\u00f3n de acabados transparentes realzan la belleza natural de la madera al tiempo que la protegen contra el desgaste. La elecci\u00f3n de los herrajes, como tiradores, pomos y bisagras, contribuye a la est\u00e9tica general del dise\u00f1o y a la funcionalidad del armario a medida.<\/p>\n<p>[\/vc_column_text][\/vc_column_inner][vc_column_inner width=\u00bb1\/3&#8243;][\/vc_column_inner][\/vc_row_inner][\/vc_column][\/vc_row][vc_row full_width=\u00bbstretch_row_content_no_spaces\u00bb css_animation=\u00bbfadeIn\u00bb disable_element=\u00bbyes\u00bb css=\u00bb.vc_custom_1691524714815{background-color: #f8f8f8 !important;}\u00bb el_class=\u00bbcont-int\u00bb][vc_column][vc_column_text css=\u00bb.vc_custom_1686088918799{margin-bottom: 0px !important;}\u00bb]<\/p>\n<h3 style=\"text-align: center;\">Nuestro compromiso<\/h3>\n<p>[\/vc_column_text][vc_row_inner type=\u00bbboxed\u00bb][vc_column_inner][vc_column_text el_class=\u00bbcol2-txt\u00bb]GDG se ha comprometido a remodelar el aspecto y la funcionalidad de las instalaciones m\u00e9dicas y sanitarias de California. Asumimos la <strong>responsabilidad<\/strong> personal de realizar un trabajo excepcional que se ajuste al presupuesto y a los plazos, pero que tambi\u00e9n responda a las necesidades de nuestros clientes y no pierda nunca de vista la experiencia del paciente.<\/p>\n<p>Nuestro valor exclusivo es la <strong>eficacia<\/strong>. GDG est\u00e1 revolucionando el proceso de la arquitectura sanitaria al integrar los aspectos de planificaci\u00f3n, dise\u00f1o, obtenci\u00f3n de permisos y construcci\u00f3n, todo ello supervisado por nuestro experimentado equipo. Aunque este proceso \u00fanico mejora el resultado final al garantizar que la visi\u00f3n original de nuestro dise\u00f1o permanece intacta, en \u00faltima instancia nuestro enfoque est\u00e1 dise\u00f1ado para facilitar el proceso -de principio a fin- a nuestros clientes.<\/p>\n<p><strong>La inspiraci\u00f3n<\/strong> es el coraz\u00f3n de nuestro negocio, y en GDG nos apasiona y nos inspira la capacidad de la gran arquitectura y el dise\u00f1o para influir en nuestra comunidad y mejorar la experiencia sanitaria.<\/p>\n<p>Gracias a un enfoque de colaboraci\u00f3n \u00fanico y a nuestra completa dedicaci\u00f3n a la arquitectura sanitaria, GDG es experto en descifrar la compleja naturaleza de la normativa sobre IRAS y en ofrecer soluciones de dise\u00f1o llave en mano. Nuestros documentos de construcci\u00f3n est\u00e1n dise\u00f1ados espec\u00edficamente para una revisi\u00f3n y aprobaci\u00f3n r\u00e1pidas, y nuestro equipo incluye miembros del personal dedicados exclusivamente a ayudar a mantener las l\u00edneas de comunicaci\u00f3n abiertas y fluidas a lo largo de todo el proyecto.<\/p>\n<p>Durante casi dos d\u00e9cadas, a trav\u00e9s de nuestro extraordinario servicio a los centros sanitarios y directamente con el personal de campo y los verificadores de planos de HCAI, hemos desarrollado s\u00f3lidas relaciones que posicionan a GDG como la autoridad de referencia en arquitectura sanitaria en California.[\/vc_column_text][vc_single_image image=\u00bb3951&#8243; img_size=\u00bbfull\u00bb alignment=\u00bbcenter\u00bb el_class=\u00bbresp-image\u00bb][\/vc_column_inner][\/vc_row_inner][\/vc_column][\/vc_row]<\/p>\n<\/div>","protected":false},"excerpt":{"rendered":"<p>[vc_row css_animation=\u00bbfadeIn\u00bb][vc_column][vc_row_inner type=\u00bbboxed\u00bb][vc_column_inner width=\u00bb1\/2&#8243;][vc_column_text el_class=\u00bbtitle\u00bb] Enfoque centrado en el cliente [\/vc_column_text][vc_column_text]En Sam&#8217;s Closets Woodwork, ofrecemos soluciones personalizadas que se adaptan\u2026<\/p>\n","protected":false},"author":1,"featured_media":0,"parent":0,"menu_order":0,"comment_status":"closed","ping_status":"closed","template":"page-full-width.php","meta":{"footnotes":""},"class_list":["post-5092","page","type-page","status-publish","hentry"],"acf":[],"_links":{"self":[{"href":"https:\/\/www.sams-closets.com\/es\/wp-json\/wp\/v2\/pages\/5092","targetHints":{"allow":["GET"]}}],"collection":[{"href":"https:\/\/www.sams-closets.com\/es\/wp-json\/wp\/v2\/pages"}],"about":[{"href":"https:\/\/www.sams-closets.com\/es\/wp-json\/wp\/v2\/types\/page"}],"author":[{"embeddable":true,"href":"https:\/\/www.sams-closets.com\/es\/wp-json\/wp\/v2\/users\/1"}],"replies":[{"embeddable":true,"href":"https:\/\/www.sams-closets.com\/es\/wp-json\/wp\/v2\/comments?post=5092"}],"version-history":[{"count":0,"href":"https:\/\/www.sams-closets.com\/es\/wp-json\/wp\/v2\/pages\/5092\/revisions"}],"wp:attachment":[{"href":"https:\/\/www.sams-closets.com\/es\/wp-json\/wp\/v2\/media?parent=5092"}],"curies":[{"name":"wp","href":"https:\/\/api.w.org\/{rel}","templated":true}]}}