{"id":5076,"date":"2023-12-21T20:07:56","date_gmt":"2023-12-21T20:07:56","guid":{"rendered":"https:\/\/www.sams-closets.com\/solicitud-de-presupuesto\/"},"modified":"2024-02-06T17:22:50","modified_gmt":"2024-02-06T17:22:50","slug":"solicitud-de-presupuesto","status":"publish","type":"page","link":"https:\/\/www.sams-closets.com\/es\/solicitud-de-presupuesto\/","title":{"rendered":"Solicitud de presupuesto"},"content":{"rendered":"<div class=\"wpb-content-wrapper\"><p>[vc_row equal_height=\u00bbyes\u00bb content_placement=\u00bbmiddle\u00bb css_animation=\u00bbfadeIn\u00bb type=\u00bbboxed\u00bb el_class=\u00bbcontact-int boxed-form\u00bb][vc_column css=\u00bb.vc_custom_1703189078562{background-position: center !important;background-repeat: no-repeat !important;background-size: cover !important;}\u00bb][vc_column_text el_class=\u00bbtitle-int\u00bb]<\/p>\n<h2>Solicitud de presupuesto &#8211; Sam&#8217;s Closets Woodwork<\/h2>\n<p>Gracias por considerar Sam&#8217;s Closets Woodwork para su proyecto personalizado. Para empezar, rellene el siguiente formulario y nuestro equipo le proporcionar\u00e1 r\u00e1pidamente un presupuesto personalizado basado en sus necesidades.<\/p>\n<p>Si tiene alguna pregunta o duda inmediata, no dude en ponerse en contacto con nosotros en el (954) 354-8386.[\/vc_column_text]\n<div class=\"wpcf7 no-js\" id=\"wpcf7-f5094-o1\" lang=\"es-ES\" dir=\"ltr\" data-wpcf7-id=\"5094\">\n<div class=\"screen-reader-response\"><p role=\"status\" aria-live=\"polite\" aria-atomic=\"true\"><\/p> <ul><\/ul><\/div>\n<form action=\"\/es\/wp-json\/wp\/v2\/pages\/5076#wpcf7-f5094-o1\" method=\"post\" class=\"wpcf7-form init\" aria-label=\"Formulario de contacto\" novalidate=\"novalidate\" data-status=\"init\">\n<fieldset class=\"hidden-fields-container\"><input type=\"hidden\" name=\"_wpcf7\" value=\"5094\" \/><input type=\"hidden\" name=\"_wpcf7_version\" value=\"6.1.5\" \/><input type=\"hidden\" name=\"_wpcf7_locale\" value=\"es_ES\" \/><input type=\"hidden\" name=\"_wpcf7_unit_tag\" value=\"wpcf7-f5094-o1\" \/><input type=\"hidden\" name=\"_wpcf7_container_post\" value=\"0\" \/><input type=\"hidden\" name=\"_wpcf7_posted_data_hash\" value=\"\" \/><input type=\"hidden\" name=\"_wpcf7dtx_version\" value=\"5.0.5\" \/>\n<\/fieldset>\n<div class=\"contact-form\">\n\t<div>\n\t\t<p><label> Nombre<br \/>\n<span class=\"wpcf7-form-control-wrap\" data-name=\"first-name\"><input size=\"40\" maxlength=\"400\" class=\"wpcf7-form-control wpcf7-text wpcf7-validates-as-required\" aria-required=\"true\" aria-invalid=\"false\" placeholder=\"Tu nombre...\" value=\"\" type=\"text\" name=\"first-name\" \/><\/span> <\/label>\n\t\t<\/p>\n\t<\/div>\n\t<div>\n\t\t<p><label> Apellido<br \/>\n<span class=\"wpcf7-form-control-wrap\" data-name=\"last-name\"><input size=\"40\" maxlength=\"400\" class=\"wpcf7-form-control wpcf7-text wpcf7-validates-as-required\" aria-required=\"true\" aria-invalid=\"false\" placeholder=\"Tu apellido...\" value=\"\" type=\"text\" name=\"last-name\" \/><\/span> <\/label>\n\t\t<\/p>\n\t<\/div>\n\t<div>\n\t\t<p><label> Correo electr\u00f3nico<br \/>\n<span class=\"wpcf7-form-control-wrap\" data-name=\"your-email\"><input size=\"40\" maxlength=\"400\" class=\"wpcf7-form-control wpcf7-email wpcf7-validates-as-required wpcf7-text wpcf7-validates-as-email email\" aria-required=\"true\" aria-invalid=\"false\" placeholder=\"Su correo electr\u00f3nico...\" value=\"\" type=\"email\" name=\"your-email\" \/><\/span> <\/label>\n\t\t<\/p>\n\t<\/div>\n\t<div>\n\t\t<p><label> N\u00famero de tel\u00e9fono<br \/>\n<span class=\"wpcf7-form-control-wrap phone-number\"><input type=\"text\" value=\"\" name=\"phone-number\" class=\"wpcf7-form-control wpcf7-mask wpcf7-validates-as-required wpcf7mf-mask phone\" size=\"40\" aria-required=\"1\" aria-invalid=\"\" placeholder=\"(___) ___-____\" data-mask=\"(___) ___-____\" \/><\/span><\/label>\n\t\t<\/p>\n\t<\/div>\n\t<div class=\"col1 wall-info\">\n\t\t<p><label> Descripci\u00f3n del puesto:<\/label>\n\t\t<\/p>\n\t<\/div>\n\t<div>\n\t\t<p><label> Color<br \/>\n<span class=\"wpcf7-form-control-wrap\" data-name=\"color\"><input size=\"40\" maxlength=\"400\" class=\"wpcf7-form-control wpcf7-text wpcf7-validates-as-required\" aria-required=\"true\" aria-invalid=\"false\" placeholder=\"Color...\" value=\"\" type=\"text\" name=\"color\" \/><\/span> <\/label>\n\t\t<\/p>\n\t<\/div>\n\t<div>\n\t\t<p><label> Banda de borde<br \/>\n<span class=\"wpcf7-form-control-wrap\" data-name=\"edge-band\"><input size=\"40\" maxlength=\"400\" class=\"wpcf7-form-control wpcf7-text wpcf7-validates-as-required\" aria-required=\"true\" aria-invalid=\"false\" placeholder=\"Banda Edge...\" value=\"\" type=\"text\" name=\"edge-band\" \/><\/span> <\/label>\n\t\t<\/p>\n\t<\/div>\n\t<div>\n\t\t<p><label> Pedido\/PO:<br \/>\n<span class=\"wpcf7-form-control-wrap\" data-name=\"order-po\"><input size=\"40\" maxlength=\"400\" class=\"wpcf7-form-control wpcf7-text wpcf7-validates-as-required\" aria-required=\"true\" aria-invalid=\"false\" placeholder=\"Nombre del trabajo...\" value=\"\" type=\"text\" name=\"order-po\" \/><\/span> <\/label>\n\t\t<\/p>\n\t<\/div>\n\t<div>\n\t\t<p><label> Fecha del trabajo<br \/>\n<span class=\"wpcf7-form-control-wrap\" data-name=\"job-date\"><input class=\"wpcf7-form-control wpcf7-date wpcf7-validates-as-required wpcf7-validates-as-date\" aria-required=\"true\" aria-invalid=\"false\" placeholder=\"mm\/dd\/aa\" value=\"\" type=\"date\" name=\"job-date\" \/><\/span> <\/label>\n\t\t<\/p>\n\t<\/div>\n\n<!--<div class=\"col1\">\n<div class=\"order-form-header\">\n  <div class=\"Qty\">Qty<\/div>\n  <div class=\"Depth\">Depth (Inch)<\/div>\n  <div class=\"Width\">Width (Inch)<\/div>\n  <div class=\"Depth-mil\">Depth<\/div>\n  <div class=\"Width-mil\">Width<\/div>\n  <div class=\"Width-inch\">Width<\/div>\n<\/div>-->\n\t<div class=\"col1 wall-info\">\n\t\t<p><label> Introduzca la informaci\u00f3n de su muro:<\/label>\n\t\t<\/p>\n\t<\/div>\n\t<div data-wpcf7-group-id=\"order_form\" id=\"order-form-groups\" tabindex=\"1\" class=\"wpcf7-field-groups \">\n\t\t<div class=\"wpcf7-field-group\">\n\t\t\t<div class=\"wall-order-form\">\n\t\t\t\t<p><label>Pared n\u00ba 1<\/label>\n\t\t\t\t<\/p>\n\t\t\t<\/div>\n\t\t\t<div class=\"field-group-items\">\n\t\t\t\t<div class=\"qty-order-form\">\n\t\t\t\t\t<p><label>CANT<span class=\"wpcf7-form-control-wrap\" data-name=\"qty\"><input class=\"wpcf7-form-control wpcf7-number wpcf7-validates-as-required wpcf7-validates-as-number\" min=\"1\" aria-required=\"true\" aria-invalid=\"false\" value=\"1\" type=\"number\" name=\"qty\" \/><\/span><\/label>\n\t\t\t\t\t<\/p>\n\t\t\t\t<\/div>\n\t\t\t\t<div class=\"depth-inch-pulg-order-form\">\n\t\t\t\t\t<p><label>Profundidad (pulg.)<span class=\"wpcf7-form-control-wrap\" data-name=\"depth\"><input size=\"40\" maxlength=\"400\" class=\"wpcf7-form-control wpcf7-text wpcf7-validates-as-required depth-inch-pulg\" aria-required=\"true\" aria-invalid=\"false\" value=\"\" type=\"text\" name=\"depth\" \/><\/span><\/label>\n\t\t\t\t\t<\/p>\n\t\t\t\t<\/div>\n\t\t\t\t<div class=\"width-inch-pulg-order-form\">\n\t\t\t\t\t<p><label>Anchura (pulg.)<span class=\"wpcf7-form-control-wrap\" data-name=\"width\"><input size=\"40\" maxlength=\"400\" class=\"wpcf7-form-control wpcf7-text wpcf7-validates-as-required width-inch-pulg\" aria-required=\"true\" aria-invalid=\"false\" value=\"\" type=\"text\" name=\"width\" \/><\/span><\/label>\n\t\t\t\t\t<\/p>\n\t\t\t\t<\/div>\n\t\t\t\t<div>\n\t\t\t\t\t<p><label> Borde (L) <span class=\"wpcf7-form-control-wrap\" data-name=\"edges-l\"><input size=\"40\" maxlength=\"400\" class=\"wpcf7-form-control wpcf7-text\" aria-invalid=\"false\" value=\"\" type=\"text\" name=\"edges-l\" \/><\/span> <\/label>\n\t\t\t\t\t<\/p>\n\t\t\t\t<\/div>\n\t\t\t\t<div>\n\t\t\t\t\t<p><label> Borde (S) <span class=\"wpcf7-form-control-wrap\" data-name=\"edges-s\"><input size=\"40\" maxlength=\"400\" class=\"wpcf7-form-control wpcf7-text\" aria-invalid=\"false\" value=\"\" type=\"text\" name=\"edges-s\" \/><\/span> <\/label>\n\t\t\t\t\t<\/p>\n\t\t\t\t<\/div>\n\t\t\t\t<div>\n\t\t\t\t\t<p><label> Fijar <span class=\"wpcf7-form-control-wrap\" data-name=\"fix\"><input size=\"40\" maxlength=\"400\" class=\"wpcf7-form-control wpcf7-text\" aria-invalid=\"false\" value=\"\" type=\"text\" name=\"fix\" \/><\/span> <\/label>\n\t\t\t\t\t<\/p>\n\t\t\t\t<\/div>\n\t\t\t\t<div>\n\t\t\t\t\t<p><label> A <span class=\"wpcf7-form-control-wrap\" data-name=\"a\"><input size=\"40\" maxlength=\"400\" class=\"wpcf7-form-control wpcf7-text\" aria-invalid=\"false\" value=\"\" type=\"text\" name=\"a\" \/><\/span> <\/label>\n\t\t\t\t\t<\/p>\n\t\t\t\t<\/div>\n\t\t\t\t<div>\n\t\t\t\t\t<p><label> B2 <span class=\"wpcf7-form-control-wrap\" data-name=\"b2\"><input size=\"40\" maxlength=\"400\" class=\"wpcf7-form-control wpcf7-text\" aria-invalid=\"false\" value=\"\" type=\"text\" name=\"b2\" \/><\/span> <\/label>\n\t\t\t\t\t<\/p>\n\t\t\t\t<\/div>\n\t\t\t\t<div>\n\t\t\t\t\t<p><label> L <span class=\"wpcf7-form-control-wrap\" data-name=\"l\"><input size=\"40\" maxlength=\"400\" class=\"wpcf7-form-control wpcf7-text\" aria-invalid=\"false\" value=\"\" type=\"text\" name=\"l\" \/><\/span> <\/label>\n\t\t\t\t\t<\/p>\n\t\t\t\t<\/div>\n\t\t\t\t<div>\n\t\t\t\t\t<p><label> R <span class=\"wpcf7-form-control-wrap\" data-name=\"r\"><input size=\"40\" maxlength=\"400\" class=\"wpcf7-form-control wpcf7-text\" aria-invalid=\"false\" value=\"\" type=\"text\" name=\"r\" \/><\/span> <\/label>\n\t\t\t\t\t<\/p>\n\t\t\t\t<\/div>\n\t\t\t\t<div>\n\t\t\t\t\t<p><label> ESP L <span class=\"wpcf7-form-control-wrap\" data-name=\"esp-l\"><input size=\"40\" maxlength=\"400\" class=\"wpcf7-form-control wpcf7-text\" aria-invalid=\"false\" value=\"\" type=\"text\" name=\"esp-l\" \/><\/span> <\/label>\n\t\t\t\t\t<\/p>\n\t\t\t\t<\/div>\n\t\t\t\t<div>\n\t\t\t\t\t<p><label> ESP R <span class=\"wpcf7-form-control-wrap\" data-name=\"esp-r\"><input size=\"40\" maxlength=\"400\" class=\"wpcf7-form-control wpcf7-text\" aria-invalid=\"false\" value=\"\" type=\"text\" name=\"esp-r\" \/><\/span> <\/label>\n\t\t\t\t\t<\/p>\n\t\t\t\t<\/div>\n\t\t\t\t<div class=\"notes\">\n\t\t\t\t\t<p><label> Notas <span class=\"wpcf7-form-control-wrap\" data-name=\"notes\"><textarea cols=\"40\" rows=\"10\" maxlength=\"2000\" class=\"wpcf7-form-control wpcf7-textarea\" aria-invalid=\"false\" placeholder=\"Por favor, introduzca sus notas...\" name=\"notes\"><\/textarea><\/span> <\/label>\n\t\t\t\t\t<\/p>\n\t\t\t\t<\/div>\n\t\t\t\t<div class=\"depth-mil-cen-order-form\">\n\t\t\t\t\t<p><label class=\"depth-mil-cen\">--<\/label>\n\t\t\t\t\t<\/p>\n\t\t\t\t<\/div>\n\t\t\t\t<div class=\"width-mil-cen-order-form\">\n\t\t\t\t\t<p><label class=\"width-mil-cen\">--<\/label>\n\t\t\t\t\t<\/p>\n\t\t\t\t<\/div>\n\t\t\t\t<div class=\"width-inch-order-form\">\n\t\t\t\t\t<p><label class=\"width-inch\">--<\/label>\n\t\t\t\t\t<\/p>\n\t\t\t\t<\/div>\n\t\t\t<\/div>\n\t\t\t<p><button type='button' class='wpcf7-field-group-remove '>-<\/button><button type='button' class='wpcf7-field-group-add '>+<\/button><input type=\"hidden\" class=\"wpcf7-field-group-count\" name=\"_wpcf7_groups_count[order_form]\" value=\"1\" \/>\n\t\t\t<\/p>\n\t\t<\/div>\n\t<\/div>\n<\/div>\n<div class=\"col1\">\n\t<p><label>Foto(s) de su art\u00edculo<\/label>\n\t<\/p>\n\t<p>Proporci\u00f3nenos un m\u00e1ximo de (2) fotograf\u00edas que muestren el art\u00edculo (opcional). Los tipos de archivos aceptados son: jpg, jpeg, gif, png, tif.\n\t<\/p>\n\t<p><span class=\"wpcf7-form-control-wrap\" data-name=\"file-upload\"><input size=\"40\" class=\"wpcf7-form-control wpcf7-drag-n-drop-file d-none\" aria-invalid=\"false\" type=\"file\" multiple=\"multiple\" data-name=\"file-upload\" data-type=\"jpg|jpeg|gif|png|tif\" data-limit=\"100000000\" data-max=\"4\" data-id=\"5094\" data-version=\"free version 1.3.9.7\" accept=\".jpg, .jpeg, .gif, .png, .tif\" \/><\/span>\n\t<\/p>\n<\/div>\n<div class=\"col1\">\n\t<p><label> Comentarios<br \/>\n<span class=\"wpcf7-form-control-wrap\" data-name=\"your-message\"><textarea cols=\"40\" rows=\"10\" maxlength=\"2000\" class=\"wpcf7-form-control wpcf7-textarea\" aria-invalid=\"false\" placeholder=\"Por favor, introduzca sus comentarios...\" name=\"your-message\"><\/textarea><\/span> <\/label>\n\t<\/p>\n<\/div>\n<div class=\"col\">\n\t<p><input class=\"wpcf7-form-control wpcf7-submit has-spinner\" type=\"submit\" value=\"Enviar\" \/>\n\t<\/p>\n<\/div>\n<div class=\"wpcf7-response-output\" aria-hidden=\"true\"><\/div>\n<\/form>\n<\/div>\n[\/vc_column][\/vc_row]<\/p>\n<\/div>","protected":false},"excerpt":{"rendered":"<p>[vc_row equal_height=\u00bbyes\u00bb content_placement=\u00bbmiddle\u00bb css_animation=\u00bbfadeIn\u00bb type=\u00bbboxed\u00bb el_class=\u00bbcontact-int boxed-form\u00bb][vc_column css=\u00bb.vc_custom_1703189078562{background-position: center !important;background-repeat: no-repeat !important;background-size: cover !important;}\u00bb][vc_column_text el_class=\u00bbtitle-int\u00bb] Solicitud de presupuesto &#8211; Sam&#8217;s\u2026<\/p>\n","protected":false},"author":1,"featured_media":0,"parent":0,"menu_order":0,"comment_status":"closed","ping_status":"closed","template":"page-full-width.php","meta":{"footnotes":""},"class_list":["post-5076","page","type-page","status-publish","hentry"],"acf":[],"_links":{"self":[{"href":"https:\/\/www.sams-closets.com\/es\/wp-json\/wp\/v2\/pages\/5076","targetHints":{"allow":["GET"]}}],"collection":[{"href":"https:\/\/www.sams-closets.com\/es\/wp-json\/wp\/v2\/pages"}],"about":[{"href":"https:\/\/www.sams-closets.com\/es\/wp-json\/wp\/v2\/types\/page"}],"author":[{"embeddable":true,"href":"https:\/\/www.sams-closets.com\/es\/wp-json\/wp\/v2\/users\/1"}],"replies":[{"embeddable":true,"href":"https:\/\/www.sams-closets.com\/es\/wp-json\/wp\/v2\/comments?post=5076"}],"version-history":[{"count":0,"href":"https:\/\/www.sams-closets.com\/es\/wp-json\/wp\/v2\/pages\/5076\/revisions"}],"wp:attachment":[{"href":"https:\/\/www.sams-closets.com\/es\/wp-json\/wp\/v2\/media?parent=5076"}],"curies":[{"name":"wp","href":"https:\/\/api.w.org\/{rel}","templated":true}]}}