{"id":5063,"date":"2018-10-28T10:16:19","date_gmt":"2018-10-28T10:16:19","guid":{"rendered":"https:\/\/www.sams-closets.com\/inicio\/"},"modified":"2024-02-23T20:41:24","modified_gmt":"2024-02-23T20:41:24","slug":"inicio","status":"publish","type":"page","link":"https:\/\/www.sams-closets.com\/es\/","title":{"rendered":"Inicio"},"content":{"rendered":"<div class=\"wpb-content-wrapper\"><p>[vc_row full_width=\u00bbstretch_row_content_no_spaces\u00bb css_animation=\u00bbfadeIn\u00bb el_class=\u00bbslider-home\u00bb][vc_column]\n\t\t\t<!-- START Home Decor 1 REVOLUTION SLIDER 6.6.18 --><p class=\"rs-p-wp-fix\"><\/p>\n\t\t\t<rs-module-wrap id=\"rev_slider_5_1_wrapper\" data-source=\"gallery\" style=\"visibility:hidden;background:#000000;padding:0;margin:0px auto;margin-top:0;margin-bottom:0;\">\n\t\t\t\t<rs-module id=\"rev_slider_5_1\" style=\"\" data-version=\"6.6.18\">\n\t\t\t\t\t<rs-slides style=\"overflow: hidden; position: absolute;\">\n\t\t\t\t\t\t<rs-slide style=\"position: absolute;\" data-key=\"rs-35\" data-title=\"PB\" data-thumb=\"\/\/www.sams-closets.com\/wp-content\/uploads\/2023\/12\/Closet-34-100x50.jpg\" data-anim=\"ms:1500;\" data-in=\"o:1;x:(100%);\" data-out=\"a:false;\">\n\t\t\t\t\t\t\t<img decoding=\"async\" src=\"\/\/www.sams-closets.com\/wp-content\/plugins\/revslider\/public\/assets\/assets\/dummy.png\" alt=\"\" title=\"Closet 34\" width=\"750\" height=\"1125\" class=\"rev-slidebg tp-rs-img rs-lazyload\" data-lazyload=\"\/\/www.sams-closets.com\/wp-content\/uploads\/2023\/12\/Closet-34.jpg\" data-no-retina>\n<!--\n\t\t\t\t\t\t\t--><rs-layer\n\t\t\t\t\t\t\t\tid=\"slider-5-slide-35-layer-7\" \n\t\t\t\t\t\t\t\tdata-type=\"shape\"\n\t\t\t\t\t\t\t\tdata-rsp_ch=\"on\"\n\t\t\t\t\t\t\t\tdata-text=\"w:normal;s:20,12,18,11;l:0,15,23,14;\"\n\t\t\t\t\t\t\t\tdata-dim=\"w:100%;h:100%;\"\n\t\t\t\t\t\t\t\tdata-vbility=\"f,f,f,f\"\n\t\t\t\t\t\t\t\tdata-frame_999=\"o:0;st:w;\"\n\t\t\t\t\t\t\t\tstyle=\"z-index:6;background:linear-gradient(rgba(15,15,15,0.2) 0%, rgba(15,15,15,0.2) 33%, rgba(15,15,15,0.5) 100%);\"\n\t\t\t\t\t\t\t> \n\t\t\t\t\t\t\t<\/rs-layer><!--\n\n\t\t\t\t\t\t\t--><rs-layer\n\t\t\t\t\t\t\t\tid=\"slider-5-slide-35-layer-8\" \n\t\t\t\t\t\t\t\tdata-type=\"text\"\n\t\t\t\t\t\t\t\tdata-rsp_ch=\"on\"\n\t\t\t\t\t\t\t\tdata-xy=\"xo:36px;y:b;yo:36px;\"\n\t\t\t\t\t\t\t\tdata-text=\"w:normal;s:22;l:40;ls:3px;fw:500;\"\n\t\t\t\t\t\t\t\tdata-dim=\"w:445px;\"\n\t\t\t\t\t\t\t\tdata-frame_0=\"y:bottom;o:1;\"\n\t\t\t\t\t\t\t\tdata-frame_1=\"st:500;sp:330;sR:500;\"\n\t\t\t\t\t\t\t\tdata-frame_999=\"y:bottom;e:nothing;st:w;sR:8170;\"\n\t\t\t\t\t\t\t\tstyle=\"z-index:7;font-family:'Montserrat';text-transform:uppercase;text-shadow:rgb(102, 102, 102) 7px 3px 14px;\"\n\t\t\t\t\t\t\t>Dedicados a la Excelencia \n\t\t\t\t\t\t\t<\/rs-layer><!--\n-->\t\t\t\t\t\t<\/rs-slide>\n\t\t\t\t\t\t<rs-slide style=\"position: absolute;\" data-key=\"rs-33\" data-title=\"PB\" data-thumb=\"\/\/www.sams-closets.com\/wp-content\/uploads\/2024\/01\/banner-03-100x50.jpg\" data-anim=\"ms:1500;\" data-in=\"o:1;x:(100%);\" data-out=\"a:false;\">\n\t\t\t\t\t\t\t<img decoding=\"async\" src=\"\/\/www.sams-closets.com\/wp-content\/plugins\/revslider\/public\/assets\/assets\/dummy.png\" alt=\"\" title=\"banner-03\" width=\"947\" height=\"710\" class=\"rev-slidebg tp-rs-img rs-lazyload\" data-lazyload=\"\/\/www.sams-closets.com\/wp-content\/uploads\/2024\/01\/banner-03.jpg\" data-bg=\"p:center bottom;\" data-no-retina>\n<!--\n\t\t\t\t\t\t\t--><rs-layer\n\t\t\t\t\t\t\t\tid=\"slider-5-slide-33-layer-3\" \n\t\t\t\t\t\t\t\tdata-type=\"shape\"\n\t\t\t\t\t\t\t\tdata-rsp_ch=\"on\"\n\t\t\t\t\t\t\t\tdata-text=\"w:normal;s:20,12,18,11;l:0,15,23,14;\"\n\t\t\t\t\t\t\t\tdata-dim=\"w:100%;h:100%;\"\n\t\t\t\t\t\t\t\tdata-frame_999=\"o:0;st:w;\"\n\t\t\t\t\t\t\t\tstyle=\"z-index:6;background:linear-gradient(rgba(15,15,15,0.2) 0%, rgba(15,15,15,0.2) 33%, rgba(15,15,15,0.5) 100%);\"\n\t\t\t\t\t\t\t> \n\t\t\t\t\t\t\t<\/rs-layer><!--\n\n\t\t\t\t\t\t\t--><rs-layer\n\t\t\t\t\t\t\t\tid=\"slider-5-slide-33-layer-14\" \n\t\t\t\t\t\t\t\tdata-type=\"text\"\n\t\t\t\t\t\t\t\tdata-rsp_ch=\"on\"\n\t\t\t\t\t\t\t\tdata-xy=\"xo:36px;y:b;yo:36px;\"\n\t\t\t\t\t\t\t\tdata-text=\"w:normal;s:22;l:40;ls:3px;fw:500;\"\n\t\t\t\t\t\t\t\tdata-dim=\"w:445px;\"\n\t\t\t\t\t\t\t\tdata-frame_0=\"y:bottom;o:1;\"\n\t\t\t\t\t\t\t\tdata-frame_1=\"st:500;sp:330;sR:500;\"\n\t\t\t\t\t\t\t\tdata-frame_999=\"y:bottom;e:nothing;st:w;sR:8170;\"\n\t\t\t\t\t\t\t\tstyle=\"z-index:7;font-family:'Montserrat';text-transform:uppercase;text-shadow:rgb(102, 102, 102) 7px 3px 14px;\"\n\t\t\t\t\t\t\t>Carpinter\u00eda \n\t\t\t\t\t\t\t<\/rs-layer><!--\n-->\t\t\t\t\t\t<\/rs-slide>\n\t\t\t\t\t\t<rs-slide style=\"position: absolute;\" data-key=\"rs-34\" data-title=\"PB\" data-thumb=\"\/\/www.sams-closets.com\/wp-content\/uploads\/2024\/01\/IMG_0052-1333x1000-100x50.jpg\" data-anim=\"ms:1500;\" data-in=\"o:1;x:(100%);\" data-out=\"a:false;\">\n\t\t\t\t\t\t\t<img decoding=\"async\" src=\"\/\/www.sams-closets.com\/wp-content\/plugins\/revslider\/public\/assets\/assets\/dummy.png\" alt=\"\" title=\"IMG_0052\" width=\"1333\" height=\"1000\" class=\"rev-slidebg tp-rs-img rs-lazyload\" data-lazyload=\"\/\/www.sams-closets.com\/wp-content\/uploads\/2024\/01\/IMG_0052-1333x1000.jpg\" data-bg=\"p:center bottom;\" data-no-retina>\n<!--\n\t\t\t\t\t\t\t--><rs-layer\n\t\t\t\t\t\t\t\tid=\"slider-5-slide-34-layer-9\" \n\t\t\t\t\t\t\t\tdata-type=\"shape\"\n\t\t\t\t\t\t\t\tdata-rsp_ch=\"on\"\n\t\t\t\t\t\t\t\tdata-text=\"w:normal;s:20,12,18,11;l:0,15,23,14;\"\n\t\t\t\t\t\t\t\tdata-dim=\"w:100%;h:100%;\"\n\t\t\t\t\t\t\t\tdata-frame_999=\"o:0;st:w;\"\n\t\t\t\t\t\t\t\tstyle=\"z-index:6;background:linear-gradient(rgba(15,15,15,0.2) 0%, rgba(15,15,15,0.2) 33%, rgba(15,15,15,0.5) 100%);\"\n\t\t\t\t\t\t\t> \n\t\t\t\t\t\t\t<\/rs-layer><!--\n\n\t\t\t\t\t\t\t--><rs-layer\n\t\t\t\t\t\t\t\tid=\"slider-5-slide-34-layer-15\" \n\t\t\t\t\t\t\t\tdata-type=\"text\"\n\t\t\t\t\t\t\t\tdata-rsp_ch=\"on\"\n\t\t\t\t\t\t\t\tdata-xy=\"xo:36px;y:b;yo:36px;\"\n\t\t\t\t\t\t\t\tdata-text=\"w:normal;s:22;l:40;ls:3px;fw:500;\"\n\t\t\t\t\t\t\t\tdata-dim=\"w:445px;\"\n\t\t\t\t\t\t\t\tdata-frame_0=\"y:bottom;o:1;\"\n\t\t\t\t\t\t\t\tdata-frame_1=\"st:500;sp:330;sR:500;\"\n\t\t\t\t\t\t\t\tdata-frame_999=\"y:bottom;e:nothing;st:w;sR:8170;\"\n\t\t\t\t\t\t\t\tstyle=\"z-index:7;font-family:'Montserrat';text-transform:uppercase;text-shadow:rgb(102, 102, 102) 7px 3px 14px;\"\n\t\t\t\t\t\t\t>Carpinter\u00eda \n\t\t\t\t\t\t\t<\/rs-layer><!--\n-->\t\t\t\t\t\t<\/rs-slide>\n\t\t\t\t\t\t<rs-slide style=\"position: absolute;\" data-key=\"rs-36\" data-title=\"PB\" data-thumb=\"\/\/www.sams-closets.com\/wp-content\/uploads\/2024\/01\/machine-2-1333x1000-100x50.jpg\" data-anim=\"ms:1500;\" data-in=\"o:1;x:(100%);\" data-out=\"a:false;\">\n\t\t\t\t\t\t\t<img decoding=\"async\" src=\"\/\/www.sams-closets.com\/wp-content\/plugins\/revslider\/public\/assets\/assets\/dummy.png\" alt=\"\" title=\"machine-2\" width=\"1333\" height=\"1000\" class=\"rev-slidebg tp-rs-img rs-lazyload\" data-lazyload=\"\/\/www.sams-closets.com\/wp-content\/uploads\/2024\/01\/machine-2-1333x1000.jpg\" data-bg=\"p:center bottom;\" data-no-retina>\n<!--\n\t\t\t\t\t\t\t--><rs-layer\n\t\t\t\t\t\t\t\tid=\"slider-5-slide-36-layer-12\" \n\t\t\t\t\t\t\t\tdata-type=\"shape\"\n\t\t\t\t\t\t\t\tdata-rsp_ch=\"on\"\n\t\t\t\t\t\t\t\tdata-text=\"w:normal;s:20,12,18,11;l:0,15,23,14;\"\n\t\t\t\t\t\t\t\tdata-dim=\"w:100%;h:100%;\"\n\t\t\t\t\t\t\t\tdata-frame_999=\"o:0;st:w;\"\n\t\t\t\t\t\t\t\tstyle=\"z-index:6;background:linear-gradient(rgba(15,15,15,0.2) 0%, rgba(15,15,15,0.2) 33%, rgba(15,15,15,0.5) 100%);\"\n\t\t\t\t\t\t\t> \n\t\t\t\t\t\t\t<\/rs-layer><!--\n\n\t\t\t\t\t\t\t--><rs-layer\n\t\t\t\t\t\t\t\tid=\"slider-5-slide-36-layer-16\" \n\t\t\t\t\t\t\t\tdata-type=\"text\"\n\t\t\t\t\t\t\t\tdata-rsp_ch=\"on\"\n\t\t\t\t\t\t\t\tdata-xy=\"xo:36px;y:b;yo:36px;\"\n\t\t\t\t\t\t\t\tdata-text=\"w:normal;s:22;l:40;ls:3px;fw:500;\"\n\t\t\t\t\t\t\t\tdata-dim=\"w:445px;\"\n\t\t\t\t\t\t\t\tdata-frame_0=\"y:bottom;o:1;\"\n\t\t\t\t\t\t\t\tdata-frame_1=\"st:500;sp:330;sR:500;\"\n\t\t\t\t\t\t\t\tdata-frame_999=\"y:bottom;e:nothing;st:w;sR:8170;\"\n\t\t\t\t\t\t\t\tstyle=\"z-index:7;font-family:'Montserrat';text-transform:uppercase;text-shadow:rgb(102, 102, 102) 7px 3px 14px;\"\n\t\t\t\t\t\t\t>Carpinter\u00eda \n\t\t\t\t\t\t\t<\/rs-layer><!--\n-->\t\t\t\t\t\t<\/rs-slide>\n\t\t\t\t\t\t<rs-slide style=\"position: absolute;\" data-key=\"rs-37\" data-title=\"PB\" data-thumb=\"\/\/www.sams-closets.com\/wp-content\/uploads\/2024\/01\/IMG_0039-1333x1000-100x50.jpg\" data-anim=\"ms:1500;\" data-in=\"o:1;x:(100%);\" data-out=\"a:false;\">\n\t\t\t\t\t\t\t<img decoding=\"async\" src=\"\/\/www.sams-closets.com\/wp-content\/plugins\/revslider\/public\/assets\/assets\/dummy.png\" alt=\"\" title=\"IMG_0039\" width=\"1333\" height=\"1000\" class=\"rev-slidebg tp-rs-img rs-lazyload\" data-lazyload=\"\/\/www.sams-closets.com\/wp-content\/uploads\/2024\/01\/IMG_0039-1333x1000.jpg\" data-bg=\"p:center bottom;\" data-no-retina>\n<!--\n\t\t\t\t\t\t\t--><rs-layer\n\t\t\t\t\t\t\t\tid=\"slider-5-slide-37-layer-0\" \n\t\t\t\t\t\t\t\tdata-type=\"shape\"\n\t\t\t\t\t\t\t\tdata-rsp_ch=\"on\"\n\t\t\t\t\t\t\t\tdata-text=\"w:normal;s:20,12,18,11;l:0,15,23,14;\"\n\t\t\t\t\t\t\t\tdata-dim=\"w:100%;h:100%;\"\n\t\t\t\t\t\t\t\tdata-frame_999=\"o:0;st:w;\"\n\t\t\t\t\t\t\t\tstyle=\"z-index:6;background:linear-gradient(rgba(15,15,15,0.2) 0%, rgba(15,15,15,0.2) 33%, rgba(15,15,15,0.5) 100%);\"\n\t\t\t\t\t\t\t> \n\t\t\t\t\t\t\t<\/rs-layer><!--\n\n\t\t\t\t\t\t\t--><rs-layer\n\t\t\t\t\t\t\t\tid=\"slider-5-slide-37-layer-17\" \n\t\t\t\t\t\t\t\tdata-type=\"text\"\n\t\t\t\t\t\t\t\tdata-rsp_ch=\"on\"\n\t\t\t\t\t\t\t\tdata-xy=\"xo:36px;y:b;yo:36px;\"\n\t\t\t\t\t\t\t\tdata-text=\"w:normal;s:22;l:40;ls:3px;fw:500;\"\n\t\t\t\t\t\t\t\tdata-dim=\"w:445px;\"\n\t\t\t\t\t\t\t\tdata-frame_0=\"y:bottom;o:1;\"\n\t\t\t\t\t\t\t\tdata-frame_1=\"st:500;sp:330;sR:500;\"\n\t\t\t\t\t\t\t\tdata-frame_999=\"y:bottom;e:nothing;st:w;sR:8170;\"\n\t\t\t\t\t\t\t\tstyle=\"z-index:7;font-family:'Montserrat';text-transform:uppercase;text-shadow:rgb(102, 102, 102) 7px 3px 14px;\"\n\t\t\t\t\t\t\t>Dedicados a la Excelencia \n\t\t\t\t\t\t\t<\/rs-layer><!--\n-->\t\t\t\t\t\t<\/rs-slide>\n\t\t\t\t\t\t<rs-slide style=\"position: absolute;\" data-key=\"rs-38\" data-title=\"Slide\" data-thumb=\"\/\/www.sams-closets.com\/wp-content\/uploads\/2024\/01\/IMG_9394-100x50.jpg\" data-in=\"o:0;\" data-out=\"a:false;\">\n\t\t\t\t\t\t\t<img decoding=\"async\" src=\"\/\/www.sams-closets.com\/wp-content\/plugins\/revslider\/public\/assets\/assets\/dummy.png\" alt=\"\" title=\"IMG_9394\" width=\"1500\" height=\"1125\" class=\"rev-slidebg tp-rs-img rs-lazyload\" data-lazyload=\"\/\/www.sams-closets.com\/wp-content\/uploads\/2024\/01\/IMG_9394.jpg\" data-no-retina>\n<!--\n\t\t\t\t\t\t\t--><rs-layer\n\t\t\t\t\t\t\t\tid=\"slider-5-slide-38-layer-2\" \n\t\t\t\t\t\t\t\tdata-type=\"shape\"\n\t\t\t\t\t\t\t\tdata-rsp_ch=\"on\"\n\t\t\t\t\t\t\t\tdata-text=\"w:normal;s:20,12,18,11;l:0,15,23,14;\"\n\t\t\t\t\t\t\t\tdata-dim=\"w:100%;h:100%;\"\n\t\t\t\t\t\t\t\tdata-frame_999=\"o:0;st:w;\"\n\t\t\t\t\t\t\t\tstyle=\"z-index:6;background:linear-gradient(rgba(15,15,15,0.2) 0%, rgba(15,15,15,0.2) 33%, rgba(15,15,15,0.5) 100%);\"\n\t\t\t\t\t\t\t> \n\t\t\t\t\t\t\t<\/rs-layer><!--\n\n\t\t\t\t\t\t\t--><rs-layer\n\t\t\t\t\t\t\t\tid=\"slider-5-slide-38-layer-5\" \n\t\t\t\t\t\t\t\tdata-type=\"text\"\n\t\t\t\t\t\t\t\tdata-rsp_ch=\"on\"\n\t\t\t\t\t\t\t\tdata-xy=\"xo:36px;y:b;yo:36px;\"\n\t\t\t\t\t\t\t\tdata-text=\"w:normal;s:22;l:40;ls:3px;fw:500;\"\n\t\t\t\t\t\t\t\tdata-dim=\"w:445px;\"\n\t\t\t\t\t\t\t\tdata-frame_0=\"y:bottom;o:1;\"\n\t\t\t\t\t\t\t\tdata-frame_1=\"st:500;sp:330;sR:500;\"\n\t\t\t\t\t\t\t\tdata-frame_999=\"y:bottom;e:nothing;st:w;sR:8170;\"\n\t\t\t\t\t\t\t\tstyle=\"z-index:7;font-family:'Montserrat';text-transform:uppercase;text-shadow:rgb(102, 102, 102) 7px 3px 14px;\"\n\t\t\t\t\t\t\t>Dedicados a la Excelencia \n\t\t\t\t\t\t\t<\/rs-layer><!--\n-->\t\t\t\t\t\t<\/rs-slide>\n\t\t\t\t\t<\/rs-slides>\n\t\t\t\t\t<rs-static-layers><!--\n\n\t\t\t\t\t\t\t--><rs-layer\n\t\t\t\t\t\t\t\tid=\"slider-5-slide-4-layer-11\" \n\t\t\t\t\t\t\t\tclass=\"rs-layer-static\"\n\t\t\t\t\t\t\t\tdata-type=\"shape\"\n\t\t\t\t\t\t\t\tdata-rsp_ch=\"on\"\n\t\t\t\t\t\t\t\tdata-text=\"w:normal;s:20,12,18,11;l:0,15,23,14;\"\n\t\t\t\t\t\t\t\tdata-dim=\"w:100%;h:100%;\"\n\t\t\t\t\t\t\t\tdata-basealign=\"slide\"\n\t\t\t\t\t\t\t\tdata-onslides=\"s:1;\"\n\t\t\t\t\t\t\t\tdata-staticz=\"back\"\n\t\t\t\t\t\t\t\tdata-frame_1=\"sp:0;\"\n\t\t\t\t\t\t\t\tdata-frame_999=\"o:0;st:w;sR:8950;\"\n\t\t\t\t\t\t\t\tstyle=\"z-index:6;background:linear-gradient(rgba(15,15,15,0.3) 0%, rgba(15,15,15,0.3) 33%, rgba(15,15,15,0.5) 100%);\"\n\t\t\t\t\t\t\t> \n\t\t\t\t\t\t\t<\/rs-layer><!--\n\t\t\t\t\t--><\/rs-static-layers>\n\t\t\t\t<\/rs-module>\n\t\t\t\t<script>\n\t\t\t\t\tsetREVStartSize({c: 'rev_slider_5_1',rl:[1240,1280,1024,480],el:[660,660,400,500],gw:[800,500,768,480],gh:[660,660,600,700],type:'carousel',justify:'',layout:'fullwidth',mh:\"0\"});if (window.RS_MODULES!==undefined && window.RS_MODULES.modules!==undefined && window.RS_MODULES.modules[\"revslider51\"]!==undefined) {window.RS_MODULES.modules[\"revslider51\"].once = false;window.revapi5 = undefined;if (window.RS_MODULES.checkMinimal!==undefined) window.RS_MODULES.checkMinimal()}\n\t\t\t\t<\/script>\n\t\t\t<\/rs-module-wrap>\n\t\t\t<!-- END REVOLUTION SLIDER -->\n[\/vc_column][\/vc_row][vc_row full_width=\u00bbstretch_row_content_no_spaces\u00bb content_placement=\u00bbmiddle\u00bb css_animation=\u00bbnone\u00bb el_class=\u00bbabout-bar\u00bb][vc_column css_animation=\u00bbnone\u00bb][vc_row_inner el_class=\u00bbcont\u00bb][vc_column_inner][vc_column_text el_class=\u00bbtitle txt\u00bb]<\/p>\n<h2>Bienvenido a Sam&#8217;s Closets<\/h2>\n<p>[\/vc_column_text][vc_column_text css_animation=\u00bbnone\u00bb el_class=\u00bbtxt\u00bb css=\u00bb.vc_custom_1708720878050{margin-bottom: 0px !important;}\u00bb]Con un compromiso con la excelencia, ofrecemos una artesan\u00eda y una atenci\u00f3n al detalle inigualables en cada proyecto. Tanto si es usted un contratista que busca precisi\u00f3n en la construcci\u00f3n, un dise\u00f1ador que busca soluciones de carpinter\u00eda personalizadas, un carpintero que necesita mano de obra cualificada o un trabajador de una f\u00e1brica que requiere servicios especializados, nos dedicamos a proporcionarle carpinter\u00eda de la m\u00e1s alta calidad para elevar sus proyectos a nuevas cotas.[\/vc_column_text][\/vc_column_inner][\/vc_row_inner][\/vc_column][\/vc_row][vc_row full_width=\u00bbstretch_row_content_no_spaces\u00bb equal_height=\u00bbyes\u00bb content_placement=\u00bbmiddle\u00bb css_animation=\u00bbfadeInUp\u00bb el_class=\u00bbinfo\u00bb][vc_column width=\u00bb1\/2&#8243; css=\u00bb.vc_custom_1685990487253{padding-top: 0px !important;}\u00bb][vc_single_image image=\u00bb4816&#8243; img_size=\u00bbfull\u00bb alignment=\u00bbcenter\u00bb el_class=\u00bbimage\u00bb css=\u00bb.vc_custom_1705097607675{margin-bottom: 0px !important;}\u00bb][\/vc_column][vc_column width=\u00bb1\/2&#8243; css=\u00bb.vc_custom_1685990500608{padding-top: 0px !important;}\u00bb][vc_column_text css_animation=\u00bbfadeInRight\u00bb el_class=\u00bbtxt title\u00bb]<\/p>\n<h3>QUI\u00c9NES SOMOS<\/h3>\n<p>[\/vc_column_text][vc_column_text css_animation=\u00bbfadeInRight\u00bb el_class=\u00bbtxt\u00bb]En Sam&#8217;s Closets, nuestro viaje tiene sus ra\u00edces en el arte de la carpinter\u00eda, donde cada grano cuenta una historia y cada curva es un testimonio de nuestra dedicaci\u00f3n. Como artesanos experimentados, fusionamos tradici\u00f3n e innovaci\u00f3n.[\/vc_column_text][vc_row_inner el_class=\u00bbtxt counter\u00bb][vc_column_inner width=\u00bb1\/3&#8243;]<div class=\"evc-counter evc-shortcode \">\n\t<div class=\"evc-c-inner\">\n\t\t\t\t\t<span class=\"evc-c-digit\" style=\"color: #545454;font-size: 70px;font-weight: 500\">16<\/span>\n\t\t\t\t\t\t\t<h4 class=\"evc-c-title\" style=\"color: #a28469\">\n\t\t\t\tA\u00f1os de experiencia\t\t\t<\/h4>\n\t\t\t\t\t\t\t<p class=\"evc-c-text\" style=\"color: #545454\">Con 16 a\u00f1os de actividad, somos l\u00edderes del sector<\/p>\n\t\t\t<\/div>\n<\/div>\n[\/vc_column_inner][vc_column_inner width=\u00bb1\/3&#8243;]<div class=\"evc-counter evc-shortcode digit-plus\">\n\t<div class=\"evc-c-inner\">\n\t\t\t\t\t<span class=\"evc-c-digit\" style=\"color: #545454;font-size: 70px;font-weight: 500\">400<\/span>\n\t\t\t\t\t\t\t<h4 class=\"evc-c-title\" style=\"color: #a28469\">\n\t\t\t\tClientes satisfechos\t\t\t<\/h4>\n\t\t\t\t\t\t\t<p class=\"evc-c-text\" style=\"color: #545454\">Nuestro compromiso con la excelencia sigue siendo evidente<\/p>\n\t\t\t<\/div>\n<\/div>\n[\/vc_column_inner][vc_column_inner width=\u00bb1\/3&#8243;]<div class=\"evc-counter evc-shortcode \">\n\t<div class=\"evc-c-inner\">\n\t\t\t\t\t<span class=\"evc-c-digit\" style=\"color: #545454;font-size: 70px;font-weight: 500\">1000<\/span>\n\t\t\t\t\t\t\t<h4 class=\"evc-c-title\" style=\"color: #a28469\">\n\t\t\t\tProyectos realizados\t\t\t<\/h4>\n\t\t\t\t\t\t\t<p class=\"evc-c-text\" style=\"color: #545454\">Con m\u00e1s de 1000 proyectos realizados<\/p>\n\t\t\t<\/div>\n<\/div>\n[\/vc_column_inner][\/vc_row_inner][vc_column_text css_animation=\u00bbfadeInUp\u00bb el_class=\u00bbtxt\u00bb]<a href=\"https:\/\/www.sams-closets.com\/es\/quienes-somos\/\">M\u00e1s informaci\u00f3n<\/a>[\/vc_column_text][\/vc_column][\/vc_row][vc_row full_width=\u00bbstretch_row_content_no_spaces\u00bb content_placement=\u00bbmiddle\u00bb css=\u00bb.vc_custom_1702568946597{background-color: #f8f8f8 !important;}\u00bb el_class=\u00bbtimeline\u00bb][vc_column][vc_row_inner type=\u00bbboxed\u00bb][vc_column_inner][vc_column_text css_animation=\u00bbfadeInRight\u00bb]<\/p>\n<h3 style=\"text-align: center;\">Nuestra historia<\/h3>\n<p>[\/vc_column_text][vc_column_text el_class=\u00bbcont\u00bb]\r\n\t<!-- Custom css -->\r\n\t<style>\r\n\t\t\r\n\t\t\r\n\t\t\t<\/style>\r\n\t\r\n\t<div class=\"quick-timeline-wrapper shortcode shortcode-1\">\r\n\t\t\t<div class=\"quick-timeline\"><\/div>\r\n\t\r\n\t<div class=\"quick-timeline-option-list hidden-fields\">2<\/div>\r\n\t<div class=\"quick-timeline-option-layout hidden-fields\">1<\/div>\r\n\t<div class=\"quick-timeline-option-items hidden-fields\">5<\/div>\r\n\t<div class=\"quick-timeline-option-position hidden-fields\">right<\/div>\r\n\t<div class=\"quick-timeline-option-time hidden-fields\">asc<\/div>\r\n\t<div class=\"quick-timeline-option-icon hidden-fields\">true<\/div>\r\n\t<div class=\"quick-timeline-option-autoplay hidden-fields\">true<\/div>\r\n\t<div class=\"quick-timeline-option-loop hidden-fields\">true<\/div>\r\n\t<\/div>\r\n\t\r\n\t\t\r\n\t[\/vc_column_text][\/vc_column_inner][\/vc_row_inner][\/vc_column][\/vc_row][vc_row full_width=\u00bbstretch_row_content_no_spaces\u00bb equal_height=\u00bbyes\u00bb content_placement=\u00bbmiddle\u00bb css_animation=\u00bbfadeInUp\u00bb el_class=\u00bbinfo col-reverse\u00bb][vc_column width=\u00bb1\/2&#8243; css=\u00bb.vc_custom_1685990506759{padding-top: 0px !important;}\u00bb][vc_column_text css_animation=\u00bbfadeInLeft\u00bb el_class=\u00bbtxt title\u00bb]<\/p>\n<h3>Qu\u00e9 hacemos<\/h3>\n<p>[\/vc_column_text][vc_column_text css_animation=\u00bbfadeInLeft\u00bb el_class=\u00bbtxt\u00bb]Somos fabricantes de componentes de armarios, piezas de armarios y otros productos de paneles personalizados a medida. Principalmente cortamos y procesamos melamina, madera contrachapada, MDF y, esencialmente, cualquier cosa que se ajuste a la imaginaci\u00f3n de nuestros clientes.[\/vc_column_text][vc_separator el_class=\u00bbtxt icons\u00bb][vc_row_inner el_class=\u00bbicons\u00bb][vc_column_inner width=\u00bb1\/3&#8243;][vc_single_image image=\u00bb4644&#8243; img_size=\u00bbfull\u00bb alignment=\u00bbcenter\u00bb css=\u00bb.vc_custom_1702577755923{margin-bottom: 0px !important;}\u00bb][vc_column_text css=\u00bb.vc_custom_1702589810476{margin-bottom: 0px !important;}\u00bb]<\/p>\n<h6 style=\"text-align: center;\">Planificaci\u00f3n<\/h6>\n<p>[\/vc_column_text][\/vc_column_inner][vc_column_inner width=\u00bb1\/3&#8243;][vc_single_image image=\u00bb4645&#8243; img_size=\u00bbfull\u00bb alignment=\u00bbcenter\u00bb css=\u00bb.vc_custom_1702577892397{margin-bottom: 0px !important;}\u00bb][vc_column_text css=\u00bb.vc_custom_1702589816283{margin-bottom: 0px !important;}\u00bb]<\/p>\n<h6 style=\"text-align: center;\">Carpinter\u00eda<\/h6>\n<p>[\/vc_column_text][\/vc_column_inner][vc_column_inner width=\u00bb1\/3&#8243;][vc_single_image image=\u00bb4646&#8243; img_size=\u00bbfull\u00bb alignment=\u00bbcenter\u00bb css=\u00bb.vc_custom_1702577944369{margin-bottom: 0px !important;}\u00bb][vc_column_text css=\u00bb.vc_custom_1702589822435{margin-bottom: 0px !important;}\u00bb]<\/p>\n<h6 style=\"text-align: center;\">Resultados<\/h6>\n<p>[\/vc_column_text][\/vc_column_inner][\/vc_row_inner][vc_column_text css_animation=\u00bbfadeInUp\u00bb el_class=\u00bbtxt\u00bb]<a href=\"https:\/\/www.sams-closets.com\/es\/que-hacemos\/\">M\u00e1s informaci\u00f3n<\/a>[\/vc_column_text][\/vc_column][vc_column width=\u00bb1\/2&#8243; css=\u00bb.vc_custom_1685990494842{padding-top: 0px !important;}\u00bb][vc_single_image image=\u00bb4818&#8243; img_size=\u00bbfull\u00bb alignment=\u00bbcenter\u00bb el_class=\u00bbimage\u00bb css=\u00bb.vc_custom_1705099753350{margin-bottom: 0px !important;}\u00bb][\/vc_column][\/vc_row][vc_row full_width=\u00bbstretch_row_content_no_spaces\u00bb equal_height=\u00bbyes\u00bb css_animation=\u00bbfadeInUp\u00bb el_class=\u00bbinfo info-resp\u00bb][vc_column width=\u00bb1\/2&#8243; css=\u00bb.vc_custom_1685991170643{padding-top: 0px !important;background-color: #f8f8f8 !important;}\u00bb][vc_empty_space height=\u00bb50px\u00bb][vc_column_text css_animation=\u00bbfadeInLeft\u00bb el_class=\u00bbtxt title\u00bb]<\/p>\n<h4>Nuestro trabajo<\/h4>\n<p>[\/vc_column_text][vc_empty_space height=\u00bb30&#8243;][vc_row_inner el_class=\u00bbour-work\u00bb][vc_column_inner][vc_media_grid style=\u00bbpagination\u00bb items_per_page=\u00bb6&#8243; grid_id=\u00bbvc_gid:1708720869619-5fe564c0-548e-8&#8243; include=\u00bb4706,4893,4725,4729,4897,4710&#8243;][\/vc_column_inner][\/vc_row_inner][\/vc_column][vc_column width=\u00bb1\/2&#8243; css=\u00bb.vc_custom_1702591078644{padding-top: 0px !important;background-color: #a28469 !important;}\u00bb el_class=\u00bbnews f-light\u00bb][vc_empty_space height=\u00bb50px\u00bb][vc_column_text el_class=\u00bbtitle-light txt\u00bb]<\/p>\n<h3>\u00daltimas noticias<\/h3>\n<p>[\/vc_column_text][vc_basic_grid post_type=\u00bbpost\u00bb max_items=\u00bb1&#8243; element_width=\u00bb12&#8243; item=\u00bb4852&#8243; grid_id=\u00bbvc_gid:1708720869622-946858dc-0b2f-4&#8243; el_class=\u00bbimage\u00bb][\/vc_column][\/vc_row][vc_row full_width=\u00bbstretch_row_content_no_spaces\u00bb css_animation=\u00bbfadeInUp\u00bb el_class=\u00bbtestimonials\u00bb css=\u00bb.vc_custom_1702591397974{background-image: url(https:\/\/www.sams-closets.com\/wp-content\/uploads\/2023\/12\/testimonials-image.jpg?id=4657) !important;background-position: center !important;background-repeat: no-repeat !important;background-size: cover !important;}\u00bb][vc_column][vc_row_inner type=\u00bbboxed\u00bb el_class=\u00bbcont\u00bb][vc_column_inner css=\u00bb.vc_custom_1686077485448{padding-top: 0px !important;}\u00bb]<div class=\"evc-testimonials evc-shortcode  evc-carousel-skin-light\">\n\t<div class=\"evc-t-inner evc-owl-carousel clearfix\" data-enable-loop=\"yes\" data-enable-autoplay=\"yes\" data-enable-autoplay-hover-pause=\"no\" data-carousel-speed=\"9000\" data-carousel-speed-animation=\"600\"  data-enable-navigation=\"no\" data-enable-pagination=\"yes\">\n\t\t<div class=\"evc-t-item\">\n\t\t<div class=\"evc-t-content\">\n\t\t\t\t\t<p class=\"evc-t-text\">Siempre es un placer tratar con ellos y la calidad es buena.<\/p>\n\t\t\t\t\t\t\t<span class=\"evc-t-author\">\n\t\t\t\t<span class=\"evc-t-author-label\">Chris Dangelo<\/span>\n\t\t\t\t\t\t\t<\/span>\n\t\t\t<\/div>\n<\/div>\n<div class=\"evc-t-item\">\n\t\t<div class=\"evc-t-content\">\n\t\t\t\t\t<p class=\"evc-t-text\">Ten proveen lo que necesitas y m\u00e1s. El personal es excelente, la artesan\u00eda es excelente y el personal hace todo lo posible para garantizar que usted entre y salga en un tiempo razonable. Mi lugar favorito para productos de armario.<\/p>\n\t\t\t\t\t\t\t<span class=\"evc-t-author\">\n\t\t\t\t<span class=\"evc-t-author-label\">Casey Perry<\/span>\n\t\t\t\t\t\t\t<\/span>\n\t\t\t<\/div>\n<\/div>\n\t<\/div>\n<\/div>\n[\/vc_column_inner][\/vc_row_inner][\/vc_column][\/vc_row]<\/p>\n<\/div>","protected":false},"excerpt":{"rendered":"<p>[vc_row full_width=\u00bbstretch_row_content_no_spaces\u00bb css_animation=\u00bbfadeIn\u00bb el_class=\u00bbslider-home\u00bb][vc_column][\/vc_column][\/vc_row][vc_row full_width=\u00bbstretch_row_content_no_spaces\u00bb content_placement=\u00bbmiddle\u00bb css_animation=\u00bbnone\u00bb el_class=\u00bbabout-bar\u00bb][vc_column css_animation=\u00bbnone\u00bb][vc_row_inner el_class=\u00bbcont\u00bb][vc_column_inner][vc_column_text el_class=\u00bbtitle txt\u00bb] Bienvenido a Sam&#8217;s Closets [\/vc_column_text][vc_column_text css_animation=\u00bbnone\u00bb el_class=\u00bbtxt\u00bb css=\u00bb.vc_custom_1708720878050{margin-bottom:\u2026<\/p>\n","protected":false},"author":1,"featured_media":0,"parent":0,"menu_order":0,"comment_status":"closed","ping_status":"closed","template":"page-full-width.php","meta":{"footnotes":""},"class_list":["post-5063","page","type-page","status-publish","hentry"],"acf":[],"_links":{"self":[{"href":"https:\/\/www.sams-closets.com\/es\/wp-json\/wp\/v2\/pages\/5063","targetHints":{"allow":["GET"]}}],"collection":[{"href":"https:\/\/www.sams-closets.com\/es\/wp-json\/wp\/v2\/pages"}],"about":[{"href":"https:\/\/www.sams-closets.com\/es\/wp-json\/wp\/v2\/types\/page"}],"author":[{"embeddable":true,"href":"https:\/\/www.sams-closets.com\/es\/wp-json\/wp\/v2\/users\/1"}],"replies":[{"embeddable":true,"href":"https:\/\/www.sams-closets.com\/es\/wp-json\/wp\/v2\/comments?post=5063"}],"version-history":[{"count":0,"href":"https:\/\/www.sams-closets.com\/es\/wp-json\/wp\/v2\/pages\/5063\/revisions"}],"wp:attachment":[{"href":"https:\/\/www.sams-closets.com\/es\/wp-json\/wp\/v2\/media?parent=5063"}],"curies":[{"name":"wp","href":"https:\/\/api.w.org\/{rel}","templated":true}]}}